{"id":8043,"date":"2020-03-11T11:03:55","date_gmt":"2020-03-11T11:03:55","guid":{"rendered":"https:\/\/pawsomevetadvice.com\/?page_id=8043"},"modified":"2023-11-17T15:30:31","modified_gmt":"2023-11-17T15:30:31","slug":"about","status":"publish","type":"page","link":"https:\/\/pawsomevetadvice.com\/fr\/about\/","title":{"rendered":"About"},"content":{"rendered":"\t\t<div data-elementor-type=\"wp-page\" data-elementor-id=\"8043\" class=\"elementor elementor-8043\">\n\t\t\t\t\t\t<section class=\"elementor-section elementor-top-section elementor-element elementor-element-2a5bd1e4 elementor-section-boxed elementor-section-height-default elementor-section-height-default\" data-id=\"2a5bd1e4\" data-element_type=\"section\">\n\t\t\t\t\t\t<div class=\"elementor-container elementor-column-gap-wider\">\n\t\t\t\t\t<div class=\"elementor-column elementor-col-100 elementor-top-column elementor-element elementor-element-3f45c113\" data-id=\"3f45c113\" data-element_type=\"column\">\n\t\t\t<div class=\"elementor-widget-wrap elementor-element-populated\">\n\t\t\t\t\t\t<div class=\"elementor-element elementor-element-ac6608e elementor-widget elementor-widget-heading\" data-id=\"ac6608e\" data-element_type=\"widget\" data-widget_type=\"heading.default\">\n\t\t\t\t<div class=\"elementor-widget-container\">\n\t\t\t<h1 class=\"elementor-heading-title elementor-size-default\">A propos PawsomeVetAdvice<\/h1>\t\t<\/div>\n\t\t\t\t<\/div>\n\t\t\t\t<div class=\"elementor-element elementor-element-b96d792 elementor-widget elementor-widget-spacer\" data-id=\"b96d792\" data-element_type=\"widget\" data-widget_type=\"spacer.default\">\n\t\t\t\t<div class=\"elementor-widget-container\">\n\t\t\t\t\t<div class=\"elementor-spacer\">\n\t\t\t<div class=\"elementor-spacer-inner\"><\/div>\n\t\t<\/div>\n\t\t\t\t<\/div>\n\t\t\t\t<\/div>\n\t\t\t\t<div class=\"elementor-element elementor-element-637be8b elementor-widget elementor-widget-text-editor\" data-id=\"637be8b\" data-element_type=\"widget\" data-widget_type=\"text-editor.default\">\n\t\t\t\t<div class=\"elementor-widget-container\">\n\t\t\t\t\t\t\t<p>D\u00e9couvrez le parcours de Jana, la v\u00e9t\u00e9rinaire engag\u00e9e qui soutient les propri\u00e9taires d&rsquo;animaux avec des conseils fiables et une attention chaleureuse sur ce site web.<\/p>\t\t\t\t\t\t<\/div>\n\t\t\t\t<\/div>\n\t\t\t\t\t<\/div>\n\t\t<\/div>\n\t\t\t\t\t<\/div>\n\t\t<\/section>\n\t\t<div class=\"elementor-element elementor-element-a643b8c e-flex e-con-boxed e-con e-parent\" data-id=\"a643b8c\" data-element_type=\"container\">\n\t\t\t\t\t<div class=\"e-con-inner\">\n\t\t\t\t<div class=\"elementor-element elementor-element-966a293 elementor-widget elementor-widget-heading\" data-id=\"966a293\" data-element_type=\"widget\" data-widget_type=\"heading.default\">\n\t\t\t\t<div class=\"elementor-widget-container\">\n\t\t\t<h2 class=\"elementor-heading-title elementor-size-default\">Qui nous sommes et ce que nous faisons<\/h2>\t\t<\/div>\n\t\t\t\t<\/div>\n\t\t\t\t<div class=\"elementor-element elementor-element-8844e9e elementor-widget elementor-widget-spacer\" data-id=\"8844e9e\" data-element_type=\"widget\" data-widget_type=\"spacer.default\">\n\t\t\t\t<div class=\"elementor-widget-container\">\n\t\t\t\t\t<div class=\"elementor-spacer\">\n\t\t\t<div class=\"elementor-spacer-inner\"><\/div>\n\t\t<\/div>\n\t\t\t\t<\/div>\n\t\t\t\t<\/div>\n\t\t\t\t<div class=\"elementor-element elementor-element-e84e1b2 elementor-widget elementor-widget-text-editor\" data-id=\"e84e1b2\" data-element_type=\"widget\" data-widget_type=\"text-editor.default\">\n\t\t\t\t<div class=\"elementor-widget-container\">\n\t\t\t\t\t\t\t<p><span style=\"font-weight: 400;\">Il \u00e9tait une fois, moi, Jana, une jeune v\u00e9t\u00e9rinaire passionn\u00e9e, fondatrice de PawsomeVetAdvice.com.<\/span><\/p><p><span style=\"font-weight: 400;\">Mon amour pour les animaux remonte \u00e0 mon enfance, lorsqu&rsquo;on avait quatre chats \u00e0 la maison, dont une petite chatte nomm\u00e9e Mimi.<\/span><\/p><p><span style=\"font-weight: 400;\">Mimi \u00e9tait sp\u00e9ciale, car elle ne grandissait pas comme les autres chats.<\/span><\/p><p><span style=\"font-weight: 400;\">Ma famille et moi consultions notre v\u00e9t\u00e9rinaire qui ne nous apportait pas de r\u00e9ponses claires.<\/span><\/p><p><span style=\"font-weight: 400;\">Malheureusement, un jour,<\/span><\/p><p><span style=\"font-weight: 400;\">Mimi est d\u00e9c\u00e9d\u00e9e .<\/span><\/p><p><span style=\"font-weight: 400;\">\u00a0<\/span><\/p><p><b>C&rsquo;est \u00e0 ce moment-l\u00e0 que j&rsquo;ai d\u00e9cid\u00e9 de devenir une meilleure v\u00e9t\u00e9rinaire pour venir en aide aux animaux et \u00e0 leurs propri\u00e9taires.<\/b><\/p><p><span style=\"font-weight: 400;\">\u00a0<\/span><\/p><p><span style=\"font-weight: 400;\">En tant que femme ouverte et curieuse, je me suis donn\u00e9e pour mission d&rsquo;aider les animaux et leurs propri\u00e9taires \u00e0 \u00eatre plus heureux et en meilleure sant\u00e9 . J&rsquo;ai travaill\u00e9 dur pour obtenir mon dipl\u00f4me v\u00e9t\u00e9rinaire et j&rsquo;ai effectu\u00e9 un internat rotatoire.<\/span><\/p><p><span style=\"font-weight: 400;\">Aujourd&rsquo;hui, avec 5 ann\u00e9es d&rsquo;exp\u00e9rience \u00e0 mon actif et ayant soign\u00e9, trait\u00e9 et pris soin de plus de <\/span><b>18 000 chiens et chats<\/b><span style=\"font-weight: 400;\">, je continue toujours \u00e0 me perfectionner dans le but d&rsquo;obtenir cette objectif ultime. Je poursuis une formation pour devenir v\u00e9t\u00e9rinaire sp\u00e9cialis\u00e9e sur les animaux de compagnie.<\/span><\/p><p><span style=\"font-weight: 400;\">\u00a0<\/span><\/p><p><b>Mes valeurs fondamentales sont<\/b><span style=\"font-weight: 400;\">:<\/span><\/p><ul><li style=\"font-weight: 400;\" aria-level=\"1\"><span style=\"font-weight: 400;\">Fiabilit\u00e9 <\/span><span style=\"font-weight: 400;\">\u2705<\/span><\/li><li style=\"font-weight: 400;\" aria-level=\"1\"><span style=\"font-weight: 400;\">Serviabilit\u00e9 <\/span><span style=\"font-weight: 400;\">\ud83e\udd1d<\/span><\/li><li style=\"font-weight: 400;\" aria-level=\"1\"><span style=\"font-weight: 400;\">Cordialit\u00e9 <\/span><span style=\"font-weight: 400;\">\ud83d\ude04<\/span><\/li><li style=\"font-weight: 400;\" aria-level=\"1\"><span style=\"font-weight: 400;\">Ambition <\/span><span style=\"font-weight: 400;\">\ud83d\udcaa<\/span><\/li><\/ul><p><span style=\"font-weight: 400;\">\u00a0<\/span><\/p><p><span style=\"font-weight: 400;\">Gr\u00e2ce \u00e0 ma grande empathie et \u00e0 mon talent inn\u00e9 pour m&rsquo;occuper des animaux, je suis devenue une v\u00e9t\u00e9rinaire hors pair. Je r\u00eave de diriger un jour ma propre clinique bien \u00e9quip\u00e9e ou de travailler dans une grande structure avec d&rsquo;autres v\u00e9t\u00e9rinaires.<\/span><\/p><p><span style=\"font-weight: 400;\">\u00a0<\/span><\/p><p><span style=\"font-weight: 400;\">Dans le but de d\u00e9passer ma capacit\u00e9 quotidienne et physique; je me suis form\u00e9e au m\u00e9tier du web et je d\u00e9tiens \u00e9galement un certificat de UX Design.<\/span><\/p><p><span style=\"font-weight: 400;\">J&rsquo;ai appris le fran\u00e7ais, perfectionn\u00e9 mon anglais, en plus de ma langue maternelle qui est l&rsquo;allemand.<\/span><\/p><p><span style=\"font-weight: 400;\">\u00a0<\/span><\/p><p><b>Il s&rsquo;agit l\u00e0 des deux premiers piliers qui ont permis \u00e0 PawsomeVetAdvice de prendre vie. Gr\u00e2ce \u00e0 ces nouvelles comp\u00e9tences, je pouvais enfin me rapprocher de mon objectif, aider un nombre illimit\u00e9 d&rsquo;animaux !!\u00a0<\/b><\/p><p><span style=\"font-weight: 400;\">J&rsquo;ai cr\u00e9\u00e9 <\/span><b>PawsomeVetAdvice<\/b><span style=\"font-weight: 400;\">, un blog et site d&rsquo;e-commerce professionnel et chaleureux qui propose des conseils et astuces sur les animaux domestiques bas\u00e9s sur mes connaissances v\u00e9t\u00e9rinaires .<\/span><\/p><p><span style=\"font-weight: 400;\">Gr\u00e2ce \u00e0 ces nouvelles comp\u00e9tences, j&rsquo;avais enfin pu d\u00e9passer ma limite quotidienne en clinique, je n&rsquo;aide plus seulement une quinzaine d&rsquo;animaux par jour, mais ceux des centaines de lecteurs qui visitent et ach\u00e8te via mon blog chaque jour.<\/span><\/p><p><span style=\"font-weight: 400;\">\u00a0<\/span><\/p><p><span style=\"font-weight: 400;\">PawsomeVetAdvice est une solution unique et fiable pour les propri\u00e9taires de chiens et de chats qui cherchent des informations en ligne pour prendre soin de leurs animaux au mieux.<\/span><\/p><p><b>Je sais combien il est difficile de trouver des informations fiables en ligne, et je souhaite offrir \u00e0 mon public une source s\u00fbre et de qualit\u00e9.<\/b><\/p><p><span style=\"font-weight: 400;\">\u00a0<\/span><\/p><p><span style=\"font-weight: 400;\">Je rencontre moi-m\u00eame des probl\u00e8mes avec mon propre chat qui souffre de probl\u00e8mes de comportement, de digestion et de dermatologie. Gr\u00e2ce \u00e0 mes comp\u00e9tences, je suis en mesure de l&rsquo;aider et de partager mes connaissances avec mon public. Et je b\u00e9n\u00e9ficie de mon exp\u00e9rience au quotidien avec les animaux de la clinique et des besoins de leurs propri\u00e9taires.<\/span><\/p><p><span style=\"font-weight: 400;\">PawsomeVetAdvice est, vous l&rsquo;aurez compris, un projet qui est n\u00e9 d&rsquo;une passion.<\/span><\/p><p><span style=\"font-weight: 400;\">En effet, mon histoire est simple, c&rsquo;est simplement celle d&rsquo;une femme d\u00e9termin\u00e9e \u00e0 faire une diff\u00e9rence dans la vie des animaux et de leurs propri\u00e9taires. Gr\u00e2ce \u00e0 mon parcours, \u00e0 mon d\u00e9vouement et \u00e0 ma passion, je souhaite inspirer confiance et admiration aupr\u00e8s de ceux qui visitent Pawsomeadvice.com.<\/span><\/p><p><span style=\"font-weight: 400;\">En partageant mon savoir-faire, je veux aider les propri\u00e9taires d&rsquo;animaux \u00e0 s&rsquo;\u00e9panouir et \u00e0 construire une relation saine et heureuse avec leurs compagnons \u00e0 quatre pattes.<\/span><\/p>\t\t\t\t\t\t<\/div>\n\t\t\t\t<\/div>\n\t\t\t\t\t<\/div>\n\t\t\t\t<\/div>\n\t\t\t\t<section class=\"elementor-section elementor-top-section elementor-element elementor-element-5e1cb31 elementor-section-boxed elementor-section-height-default elementor-section-height-default\" data-id=\"5e1cb31\" data-element_type=\"section\">\n\t\t\t\t\t\t<div class=\"elementor-container elementor-column-gap-wider\">\n\t\t\t\t\t<div class=\"elementor-column elementor-col-50 elementor-top-column elementor-element elementor-element-a1b1d2a\" data-id=\"a1b1d2a\" data-element_type=\"column\">\n\t\t\t<div class=\"elementor-widget-wrap elementor-element-populated\">\n\t\t\t\t\t\t<div class=\"elementor-element elementor-element-36619aa elementor-widget elementor-widget-image\" data-id=\"36619aa\" data-element_type=\"widget\" data-widget_type=\"image.default\">\n\t\t\t\t<div class=\"elementor-widget-container\">\n\t\t\t\t\t\t\t\t\t\t\t\t\t<img fetchpriority=\"high\" decoding=\"async\" width=\"1024\" height=\"858\" src=\"https:\/\/pawsomevetadvice.com\/wp-content\/uploads\/2019\/08\/37-1024x858.png\" class=\"attachment-large size-large wp-image-5204\" alt=\"\" srcset=\"https:\/\/pawsomevetadvice.com\/wp-content\/uploads\/2019\/08\/37-1024x858.png 1024w, https:\/\/pawsomevetadvice.com\/wp-content\/uploads\/2019\/08\/37-300x251.png 300w, https:\/\/pawsomevetadvice.com\/wp-content\/uploads\/2019\/08\/37-768x644.png 768w, https:\/\/pawsomevetadvice.com\/wp-content\/uploads\/2019\/08\/37-1536x1288.png 1536w, https:\/\/pawsomevetadvice.com\/wp-content\/uploads\/2019\/08\/37-2048x1717.png 2048w, https:\/\/pawsomevetadvice.com\/wp-content\/uploads\/2019\/08\/37-200x168.png 200w, https:\/\/pawsomevetadvice.com\/wp-content\/uploads\/2019\/08\/37-400x335.png 400w, https:\/\/pawsomevetadvice.com\/wp-content\/uploads\/2019\/08\/37-600x503.png 600w, https:\/\/pawsomevetadvice.com\/wp-content\/uploads\/2019\/08\/37-800x671.png 800w, https:\/\/pawsomevetadvice.com\/wp-content\/uploads\/2019\/08\/37-1200x1006.png 1200w, https:\/\/pawsomevetadvice.com\/wp-content\/uploads\/2019\/08\/37-1320x1107.png 1320w, https:\/\/pawsomevetadvice.com\/wp-content\/uploads\/2019\/08\/37-500x419.png 500w, https:\/\/pawsomevetadvice.com\/wp-content\/uploads\/2019\/08\/37-700x587.png 700w\" sizes=\"(max-width: 1024px) 100vw, 1024px\" \/>\t\t\t\t\t\t\t\t\t\t\t\t\t<\/div>\n\t\t\t\t<\/div>\n\t\t\t\t<div class=\"elementor-element elementor-element-a0c97f0 elementor-widget elementor-widget-image\" data-id=\"a0c97f0\" data-element_type=\"widget\" data-widget_type=\"image.default\">\n\t\t\t\t<div class=\"elementor-widget-container\">\n\t\t\t\t\t\t\t\t\t\t\t\t\t<img decoding=\"async\" width=\"1024\" height=\"577\" src=\"https:\/\/pawsomevetadvice.com\/wp-content\/uploads\/2023\/01\/Design-ohne-Titel-14-1024x577.png\" class=\"attachment-large size-large wp-image-1945\" alt=\"\" srcset=\"https:\/\/pawsomevetadvice.com\/wp-content\/uploads\/2023\/01\/Design-ohne-Titel-14-1024x577.png 1024w, https:\/\/pawsomevetadvice.com\/wp-content\/uploads\/2023\/01\/Design-ohne-Titel-14-300x169.png 300w, https:\/\/pawsomevetadvice.com\/wp-content\/uploads\/2023\/01\/Design-ohne-Titel-14-768x433.png 768w, https:\/\/pawsomevetadvice.com\/wp-content\/uploads\/2023\/01\/Design-ohne-Titel-14-1536x865.png 1536w, https:\/\/pawsomevetadvice.com\/wp-content\/uploads\/2023\/01\/Design-ohne-Titel-14-200x113.png 200w, https:\/\/pawsomevetadvice.com\/wp-content\/uploads\/2023\/01\/Design-ohne-Titel-14-400x225.png 400w, https:\/\/pawsomevetadvice.com\/wp-content\/uploads\/2023\/01\/Design-ohne-Titel-14-600x338.png 600w, https:\/\/pawsomevetadvice.com\/wp-content\/uploads\/2023\/01\/Design-ohne-Titel-14-800x451.png 800w, https:\/\/pawsomevetadvice.com\/wp-content\/uploads\/2023\/01\/Design-ohne-Titel-14-1200x676.png 1200w, https:\/\/pawsomevetadvice.com\/wp-content\/uploads\/2023\/01\/Design-ohne-Titel-14-1320x744.png 1320w, https:\/\/pawsomevetadvice.com\/wp-content\/uploads\/2023\/01\/Design-ohne-Titel-14-500x282.png 500w, https:\/\/pawsomevetadvice.com\/wp-content\/uploads\/2023\/01\/Design-ohne-Titel-14-700x394.png 700w, https:\/\/pawsomevetadvice.com\/wp-content\/uploads\/2023\/01\/Design-ohne-Titel-14.png 1640w\" sizes=\"(max-width: 1024px) 100vw, 1024px\" \/>\t\t\t\t\t\t\t\t\t\t\t\t\t<\/div>\n\t\t\t\t<\/div>\n\t\t\t\t\t<\/div>\n\t\t<\/div>\n\t\t\t\t<div class=\"elementor-column elementor-col-50 elementor-top-column elementor-element elementor-element-b6e7a78\" data-id=\"b6e7a78\" data-element_type=\"column\">\n\t\t\t<div class=\"elementor-widget-wrap elementor-element-populated\">\n\t\t\t\t\t\t<div class=\"elementor-element elementor-element-9cbee4e elementor-widget elementor-widget-image\" data-id=\"9cbee4e\" data-element_type=\"widget\" data-widget_type=\"image.default\">\n\t\t\t\t<div class=\"elementor-widget-container\">\n\t\t\t\t\t\t\t\t\t\t\t\t\t<img decoding=\"async\" width=\"875\" height=\"875\" src=\"https:\/\/pawsomevetadvice.com\/wp-content\/uploads\/2023\/06\/Christina-Kathan-Immobilien-13.png\" class=\"attachment-large size-large wp-image-7422\" alt=\"\" srcset=\"https:\/\/pawsomevetadvice.com\/wp-content\/uploads\/2023\/06\/Christina-Kathan-Immobilien-13.png 875w, https:\/\/pawsomevetadvice.com\/wp-content\/uploads\/2023\/06\/Christina-Kathan-Immobilien-13-300x300.png 300w, https:\/\/pawsomevetadvice.com\/wp-content\/uploads\/2023\/06\/Christina-Kathan-Immobilien-13-150x150.png 150w, https:\/\/pawsomevetadvice.com\/wp-content\/uploads\/2023\/06\/Christina-Kathan-Immobilien-13-768x768.png 768w, https:\/\/pawsomevetadvice.com\/wp-content\/uploads\/2023\/06\/Christina-Kathan-Immobilien-13-500x500.png 500w, https:\/\/pawsomevetadvice.com\/wp-content\/uploads\/2023\/06\/Christina-Kathan-Immobilien-13-700x700.png 700w, https:\/\/pawsomevetadvice.com\/wp-content\/uploads\/2023\/06\/Christina-Kathan-Immobilien-13-200x200.png 200w\" sizes=\"(max-width: 875px) 100vw, 875px\" \/>\t\t\t\t\t\t\t\t\t\t\t\t\t<\/div>\n\t\t\t\t<\/div>\n\t\t\t\t\t<\/div>\n\t\t<\/div>\n\t\t\t\t\t<\/div>\n\t\t<\/section>\n\t\t\t\t<\/div>\n\t\t","protected":false},"excerpt":{"rendered":"","protected":false},"author":1,"featured_media":0,"parent":0,"menu_order":20,"comment_status":"closed","ping_status":"closed","template":"","meta":{"footnotes":""},"yoast_head":"<!-- This site is optimized with the Yoast SEO plugin v22.8 - https:\/\/yoast.com\/wordpress\/plugins\/seo\/ -->\n<title>About - PawsomeVetAdvice<\/title>\n<meta name=\"robots\" content=\"index, follow, max-snippet:-1, max-image-preview:large, max-video-preview:-1\" \/>\n<link rel=\"canonical\" href=\"https:\/\/pawsomevetadvice.com\/fr\/about\/\" \/>\n<meta property=\"og:locale\" content=\"fr_FR\" \/>\n<meta property=\"og:type\" content=\"article\" \/>\n<meta property=\"og:title\" content=\"About - PawsomeVetAdvice\" \/>\n<meta property=\"og:url\" content=\"https:\/\/pawsomevetadvice.com\/fr\/about\/\" \/>\n<meta property=\"og:site_name\" content=\"PawsomeVetAdvice\" \/>\n<meta property=\"article:modified_time\" content=\"2023-11-17T15:30:31+00:00\" \/>\n<meta name=\"twitter:card\" content=\"summary_large_image\" \/>\n<script type=\"application\/ld+json\" class=\"yoast-schema-graph\">{\"@context\":\"https:\/\/schema.org\",\"@graph\":[{\"@type\":\"WebPage\",\"@id\":\"https:\/\/pawsomevetadvice.com\/fr\/about\/\",\"url\":\"https:\/\/pawsomevetadvice.com\/fr\/about\/\",\"name\":\"About - PawsomeVetAdvice\",\"isPartOf\":{\"@id\":\"https:\/\/pawsomevetadvice.com\/fr\/#website\"},\"datePublished\":\"2020-03-11T11:03:55+00:00\",\"dateModified\":\"2023-11-17T15:30:31+00:00\",\"breadcrumb\":{\"@id\":\"https:\/\/pawsomevetadvice.com\/fr\/about\/#breadcrumb\"},\"inLanguage\":\"fr-FR\",\"potentialAction\":[{\"@type\":\"ReadAction\",\"target\":[\"https:\/\/pawsomevetadvice.com\/fr\/about\/\"]}]},{\"@type\":\"BreadcrumbList\",\"@id\":\"https:\/\/pawsomevetadvice.com\/fr\/about\/#breadcrumb\",\"itemListElement\":[{\"@type\":\"ListItem\",\"position\":1,\"name\":\"Startseite\",\"item\":\"https:\/\/pawsomevetadvice.com\/fr\/\"},{\"@type\":\"ListItem\",\"position\":2,\"name\":\"About\"}]},{\"@type\":\"WebSite\",\"@id\":\"https:\/\/pawsomevetadvice.com\/fr\/#website\",\"url\":\"https:\/\/pawsomevetadvice.com\/fr\/\",\"name\":\"PawsomeVetAdvice\",\"description\":\"Real doctors can treat more than one species\",\"publisher\":{\"@id\":\"https:\/\/pawsomevetadvice.com\/fr\/#organization\"},\"potentialAction\":[{\"@type\":\"SearchAction\",\"target\":{\"@type\":\"EntryPoint\",\"urlTemplate\":\"https:\/\/pawsomevetadvice.com\/fr\/?s={search_term_string}\"},\"query-input\":\"required name=search_term_string\"}],\"inLanguage\":\"fr-FR\"},{\"@type\":\"Organization\",\"@id\":\"https:\/\/pawsomevetadvice.com\/fr\/#organization\",\"name\":\"PawsomeVetAdvice\",\"url\":\"https:\/\/pawsomevetadvice.com\/fr\/\",\"logo\":{\"@type\":\"ImageObject\",\"inLanguage\":\"fr-FR\",\"@id\":\"https:\/\/pawsomevetadvice.com\/fr\/#\/schema\/logo\/image\/\",\"url\":\"https:\/\/pawsomevetadvice.com\/wp-content\/uploads\/2023\/04\/PVA_Logo_FInal_withoutBG-250-\u00d7-250-px.png\",\"contentUrl\":\"https:\/\/pawsomevetadvice.com\/wp-content\/uploads\/2023\/04\/PVA_Logo_FInal_withoutBG-250-\u00d7-250-px.png\",\"width\":250,\"height\":250,\"caption\":\"PawsomeVetAdvice\"},\"image\":{\"@id\":\"https:\/\/pawsomevetadvice.com\/fr\/#\/schema\/logo\/image\/\"}}]}<\/script>\n<!-- \/ Yoast SEO plugin. -->","yoast_head_json":{"title":"About - PawsomeVetAdvice","robots":{"index":"index","follow":"follow","max-snippet":"max-snippet:-1","max-image-preview":"max-image-preview:large","max-video-preview":"max-video-preview:-1"},"canonical":"https:\/\/pawsomevetadvice.com\/fr\/about\/","og_locale":"fr_FR","og_type":"article","og_title":"About - PawsomeVetAdvice","og_url":"https:\/\/pawsomevetadvice.com\/fr\/about\/","og_site_name":"PawsomeVetAdvice","article_modified_time":"2023-11-17T15:30:31+00:00","twitter_card":"summary_large_image","schema":{"@context":"https:\/\/schema.org","@graph":[{"@type":"WebPage","@id":"https:\/\/pawsomevetadvice.com\/fr\/about\/","url":"https:\/\/pawsomevetadvice.com\/fr\/about\/","name":"About - PawsomeVetAdvice","isPartOf":{"@id":"https:\/\/pawsomevetadvice.com\/fr\/#website"},"datePublished":"2020-03-11T11:03:55+00:00","dateModified":"2023-11-17T15:30:31+00:00","breadcrumb":{"@id":"https:\/\/pawsomevetadvice.com\/fr\/about\/#breadcrumb"},"inLanguage":"fr-FR","potentialAction":[{"@type":"ReadAction","target":["https:\/\/pawsomevetadvice.com\/fr\/about\/"]}]},{"@type":"BreadcrumbList","@id":"https:\/\/pawsomevetadvice.com\/fr\/about\/#breadcrumb","itemListElement":[{"@type":"ListItem","position":1,"name":"Startseite","item":"https:\/\/pawsomevetadvice.com\/fr\/"},{"@type":"ListItem","position":2,"name":"About"}]},{"@type":"WebSite","@id":"https:\/\/pawsomevetadvice.com\/fr\/#website","url":"https:\/\/pawsomevetadvice.com\/fr\/","name":"PawsomeVetAdvice","description":"Real doctors can treat more than one species","publisher":{"@id":"https:\/\/pawsomevetadvice.com\/fr\/#organization"},"potentialAction":[{"@type":"SearchAction","target":{"@type":"EntryPoint","urlTemplate":"https:\/\/pawsomevetadvice.com\/fr\/?s={search_term_string}"},"query-input":"required name=search_term_string"}],"inLanguage":"fr-FR"},{"@type":"Organization","@id":"https:\/\/pawsomevetadvice.com\/fr\/#organization","name":"PawsomeVetAdvice","url":"https:\/\/pawsomevetadvice.com\/fr\/","logo":{"@type":"ImageObject","inLanguage":"fr-FR","@id":"https:\/\/pawsomevetadvice.com\/fr\/#\/schema\/logo\/image\/","url":"https:\/\/pawsomevetadvice.com\/wp-content\/uploads\/2023\/04\/PVA_Logo_FInal_withoutBG-250-\u00d7-250-px.png","contentUrl":"https:\/\/pawsomevetadvice.com\/wp-content\/uploads\/2023\/04\/PVA_Logo_FInal_withoutBG-250-\u00d7-250-px.png","width":250,"height":250,"caption":"PawsomeVetAdvice"},"image":{"@id":"https:\/\/pawsomevetadvice.com\/fr\/#\/schema\/logo\/image\/"}}]}},"_links":{"self":[{"href":"https:\/\/pawsomevetadvice.com\/fr\/wp-json\/wp\/v2\/pages\/8043"}],"collection":[{"href":"https:\/\/pawsomevetadvice.com\/fr\/wp-json\/wp\/v2\/pages"}],"about":[{"href":"https:\/\/pawsomevetadvice.com\/fr\/wp-json\/wp\/v2\/types\/page"}],"author":[{"embeddable":true,"href":"https:\/\/pawsomevetadvice.com\/fr\/wp-json\/wp\/v2\/users\/1"}],"replies":[{"embeddable":true,"href":"https:\/\/pawsomevetadvice.com\/fr\/wp-json\/wp\/v2\/comments?post=8043"}],"version-history":[{"count":0,"href":"https:\/\/pawsomevetadvice.com\/fr\/wp-json\/wp\/v2\/pages\/8043\/revisions"}],"wp:attachment":[{"href":"https:\/\/pawsomevetadvice.com\/fr\/wp-json\/wp\/v2\/media?parent=8043"}],"curies":[{"name":"wp","href":"https:\/\/api.w.org\/{rel}","templated":true}]}}